{"id":11,"date":"2024-03-22T10:16:05","date_gmt":"2024-03-22T10:16:05","guid":{"rendered":"https:\/\/www.casatorrecilla.com\/?page_id=11"},"modified":"2024-03-22T13:33:16","modified_gmt":"2024-03-22T13:33:16","slug":"acerca-de","status":"publish","type":"page","link":"https:\/\/www.casatorrecilla.com\/index.php\/acerca-de\/","title":{"rendered":"SERVICIOS"},"content":{"rendered":"\n<h3 class=\"wp-block-heading has-medium-font-size\" id=\"inspiro-is-a-digital-product-agency-that-focuses-on-strategy-and-design\" style=\"font-style:normal;font-weight:100\">Disponemos de un importante stock de productos en nuestros almacenes. As\u00ed como log\u00edstica para cubrir todo el territorio nacional. Una selecci\u00f3n de ofertas de primeras marcas, las cuales, durar\u00e1n hasta terminaci\u00f3n de stock.<\/h3>\n\n\n\n<div style=\"height:var(--wp--preset--spacing--medium)\" aria-hidden=\"true\" class=\"wp-block-spacer\"><\/div>\n\n\n\n<div class=\"wp-block-columns alignwide is-layout-flex wp-container-core-columns-is-layout-28f84493 wp-block-columns-is-layout-flex\">\n<div class=\"wp-block-column is-layout-flow wp-block-column-is-layout-flow\">\n<figure class=\"wp-block-image size-full\"><img fetchpriority=\"high\" decoding=\"async\" width=\"342\" height=\"176\" src=\"https:\/\/www.casatorrecilla.com\/wp-content\/uploads\/2024\/03\/educa.jpg\" alt=\"\" class=\"wp-image-36\" srcset=\"https:\/\/www.casatorrecilla.com\/wp-content\/uploads\/2024\/03\/educa.jpg 342w, https:\/\/www.casatorrecilla.com\/wp-content\/uploads\/2024\/03\/educa-300x154.jpg 300w\" sizes=\"(max-width: 342px) 100vw, 342px\" \/><\/figure>\n\n\n\n<p class=\"has-black-color has-text-color has-medium-font-size\"><strong>EDUCACI\u00d3N<\/strong><\/p>\n\n\n\n<p class=\"has-text-color\" style=\"color:#7a7a7a\">Desde el principiante hasta la c\u00e1tedra.<\/p>\n<\/div>\n\n\n\n<div class=\"wp-block-column is-layout-flow wp-block-column-is-layout-flow\">\n<figure class=\"wp-block-image size-full\"><img decoding=\"async\" width=\"342\" height=\"176\" src=\"https:\/\/www.casatorrecilla.com\/wp-content\/uploads\/2024\/03\/industria.jpg\" alt=\"\" class=\"wp-image-39\" srcset=\"https:\/\/www.casatorrecilla.com\/wp-content\/uploads\/2024\/03\/industria.jpg 342w, https:\/\/www.casatorrecilla.com\/wp-content\/uploads\/2024\/03\/industria-300x154.jpg 300w\" sizes=\"(max-width: 342px) 100vw, 342px\" \/><\/figure>\n\n\n\n<p class=\"has-black-color has-text-color has-medium-font-size\"><strong>INDUSTRIA<\/strong><\/p>\n\n\n\n<p>De la peque\u00f1a industria a la multinacional.<\/p>\n\n\n\n<p>Aparatos necesarios en la industria general, producci\u00f3n y control de calidad.<\/p>\n<\/div>\n\n\n\n<div class=\"wp-block-column is-layout-flow wp-block-column-is-layout-flow\">\n<figure class=\"wp-block-image size-full\"><img decoding=\"async\" width=\"342\" height=\"176\" src=\"https:\/\/www.casatorrecilla.com\/wp-content\/uploads\/2024\/03\/restaura.jpg\" alt=\"\" class=\"wp-image-42\" srcset=\"https:\/\/www.casatorrecilla.com\/wp-content\/uploads\/2024\/03\/restaura.jpg 342w, https:\/\/www.casatorrecilla.com\/wp-content\/uploads\/2024\/03\/restaura-300x154.jpg 300w\" sizes=\"(max-width: 342px) 100vw, 342px\" \/><\/figure>\n\n\n\n<p class=\"has-black-color has-text-color has-medium-font-size\"><strong>RESTAURACI\u00d3N<\/strong><\/p>\n\n\n\n<p class=\"has-text-color\" style=\"color:#7a7a7a\">La restauraci\u00f3n es un medio en el cual llevamos m\u00e1s de tres d\u00e9cadas, debido a la sensibilidad de uno de los componentes de esta casa.<\/p>\n<\/div>\n<\/div>\n\n\n\n<div class=\"wp-block-columns alignwide is-layout-flex wp-container-core-columns-is-layout-28f84493 wp-block-columns-is-layout-flex\">\n<div class=\"wp-block-column is-layout-flow wp-block-column-is-layout-flow\">\n<figure class=\"wp-block-image size-full\"><img loading=\"lazy\" decoding=\"async\" width=\"342\" height=\"176\" src=\"https:\/\/www.casatorrecilla.com\/wp-content\/uploads\/2024\/03\/ganaderia.jpg\" alt=\"\" class=\"wp-image-38\" srcset=\"https:\/\/www.casatorrecilla.com\/wp-content\/uploads\/2024\/03\/ganaderia.jpg 342w, https:\/\/www.casatorrecilla.com\/wp-content\/uploads\/2024\/03\/ganaderia-300x154.jpg 300w\" sizes=\"(max-width: 342px) 100vw, 342px\" \/><\/figure>\n\n\n\n<p class=\"has-black-color has-text-color has-medium-font-size\"><strong>AGRICULTURA \/ GANADER\u00cdA<\/strong><\/p>\n\n\n\n<p class=\"has-text-color\" style=\"color:#7a7a7a\">Material e instrumentaci\u00f3n, productos y reactivos espec\u00edficos del laboratorio para control de calidad.<\/p>\n<\/div>\n\n\n\n<div class=\"wp-block-column is-layout-flow wp-block-column-is-layout-flow\">\n<figure class=\"wp-block-image size-full\"><img loading=\"lazy\" decoding=\"async\" width=\"342\" height=\"176\" src=\"https:\/\/www.casatorrecilla.com\/wp-content\/uploads\/2024\/03\/fotografia.jpg\" alt=\"\" class=\"wp-image-37\" srcset=\"https:\/\/www.casatorrecilla.com\/wp-content\/uploads\/2024\/03\/fotografia.jpg 342w, https:\/\/www.casatorrecilla.com\/wp-content\/uploads\/2024\/03\/fotografia-300x154.jpg 300w\" sizes=\"(max-width: 342px) 100vw, 342px\" \/><\/figure>\n\n\n\n<p class=\"has-black-color has-text-color has-medium-font-size\"><strong>FOTOGRAF\u00cdA<\/strong><\/p>\n\n\n\n<p>Siempre hemos estado con los fot\u00f3grafos tradicionales y su metodolog\u00eda de revelado como sus qu\u00edmicos.<\/p>\n<\/div>\n\n\n\n<div class=\"wp-block-column is-layout-flow wp-block-column-is-layout-flow\">\n<figure class=\"wp-block-image size-full\"><img loading=\"lazy\" decoding=\"async\" width=\"342\" height=\"176\" src=\"https:\/\/www.casatorrecilla.com\/wp-content\/uploads\/2024\/03\/investiga.jpg\" alt=\"\" class=\"wp-image-40\" srcset=\"https:\/\/www.casatorrecilla.com\/wp-content\/uploads\/2024\/03\/investiga.jpg 342w, https:\/\/www.casatorrecilla.com\/wp-content\/uploads\/2024\/03\/investiga-300x154.jpg 300w\" sizes=\"(max-width: 342px) 100vw, 342px\" \/><\/figure>\n\n\n\n<p class=\"has-black-color has-text-color has-medium-font-size\">I<strong>NVESTIGACI\u00d3N<\/strong><\/p>\n\n\n\n<p class=\"has-text-color\" style=\"color:#7a7a7a\">Gran variedad de art\u00edculos de primeras marcas. La investigaci\u00f3n es siempre un reto por no seguir un patr\u00f3n fijo.<\/p>\n<\/div>\n<\/div>\n\n\n\n<div class=\"wp-block-columns alignwide is-layout-flex wp-container-core-columns-is-layout-28f84493 wp-block-columns-is-layout-flex\">\n<div class=\"wp-block-column is-layout-flow wp-block-column-is-layout-flow\">\n<figure class=\"wp-block-image size-full\"><img loading=\"lazy\" decoding=\"async\" width=\"342\" height=\"176\" src=\"https:\/\/www.casatorrecilla.com\/wp-content\/uploads\/2024\/03\/metereo.jpg\" alt=\"\" class=\"wp-image-41\" srcset=\"https:\/\/www.casatorrecilla.com\/wp-content\/uploads\/2024\/03\/metereo.jpg 342w, https:\/\/www.casatorrecilla.com\/wp-content\/uploads\/2024\/03\/metereo-300x154.jpg 300w\" sizes=\"(max-width: 342px) 100vw, 342px\" \/><\/figure>\n\n\n\n<p class=\"has-black-color has-text-color has-medium-font-size\"><strong>METEOROLOG\u00cdA<\/strong><\/p>\n\n\n\n<p class=\"has-text-color\" style=\"color:#7a7a7a\">Ofrecemos una gama completa de art\u00edculos meteorol\u00f3gicos o relacionados con el medio ambiente.<\/p>\n<\/div>\n\n\n\n<div class=\"wp-block-column is-layout-flow wp-block-column-is-layout-flow\">\n<figure class=\"wp-block-image size-full\"><img loading=\"lazy\" decoding=\"async\" width=\"342\" height=\"176\" src=\"https:\/\/www.casatorrecilla.com\/wp-content\/uploads\/2024\/03\/control.jpg\" alt=\"\" class=\"wp-image-34\" srcset=\"https:\/\/www.casatorrecilla.com\/wp-content\/uploads\/2024\/03\/control.jpg 342w, https:\/\/www.casatorrecilla.com\/wp-content\/uploads\/2024\/03\/control-300x154.jpg 300w\" sizes=\"(max-width: 342px) 100vw, 342px\" \/><\/figure>\n\n\n\n<p class=\"has-black-color has-text-color has-medium-font-size\"><strong>CONTROL DE CALIDAD<\/strong><\/p>\n\n\n\n<p>Instrumental y aparatos para control de calidad en los laboratorios. Materiales con certificado ENAC.<\/p>\n<\/div>\n\n\n\n<div class=\"wp-block-column is-layout-flow wp-block-column-is-layout-flow\">\n<figure class=\"wp-block-image size-full\"><img loading=\"lazy\" decoding=\"async\" width=\"342\" height=\"176\" src=\"https:\/\/www.casatorrecilla.com\/wp-content\/uploads\/2024\/03\/agua.jpg\" alt=\"\" class=\"wp-image-33\" srcset=\"https:\/\/www.casatorrecilla.com\/wp-content\/uploads\/2024\/03\/agua.jpg 342w, https:\/\/www.casatorrecilla.com\/wp-content\/uploads\/2024\/03\/agua-300x154.jpg 300w\" sizes=\"(max-width: 342px) 100vw, 342px\" \/><\/figure>\n\n\n\n<p class=\"has-black-color has-text-color has-medium-font-size\"><strong>AGUA<\/strong><\/p>\n\n\n\n<p class=\"has-text-color\" style=\"color:#7a7a7a\">Del dom\u00e9stico a la sofisticaci\u00f3n.<\/p>\n<\/div>\n<\/div>\n\n\n\n<div style=\"height:100px\" aria-hidden=\"true\" class=\"wp-block-spacer\"><\/div>\n\n\n\n<div style=\"height:100px\" aria-hidden=\"true\" class=\"wp-block-spacer\"><\/div>\n","protected":false},"excerpt":{"rendered":"<p>Disponemos de un importante stock de productos en nuestros almacenes. As\u00ed como log\u00edstica para cubrir todo el territorio nacional. Una selecci\u00f3n de ofertas de primeras marcas, las cuales, durar\u00e1n hasta terminaci\u00f3n de stock. EDUCACI\u00d3N Desde el principiante hasta la c\u00e1tedra. INDUSTRIA De la peque\u00f1a industria a la multinacional. Aparatos necesarios en la industria general, producci\u00f3n &hellip; <\/p>\n<p class=\"link-more\"><a href=\"https:\/\/www.casatorrecilla.com\/index.php\/acerca-de\/\" class=\"more-link\">Leer m\u00e1s<span class=\"screen-reader-text\"> \u00abSERVICIOS\u00bb<\/span><\/a><\/p>\n","protected":false},"author":1,"featured_media":64,"parent":0,"menu_order":0,"comment_status":"closed","ping_status":"closed","template":"","meta":{"_eb_attr":"","inspiro_hide_title":false,"footnotes":""},"class_list":["post-11","page","type-page","status-publish","has-post-thumbnail","hentry"],"yoast_head":"<!-- This site is optimized with the Yoast SEO plugin v27.1.1 - https:\/\/yoast.com\/product\/yoast-seo-wordpress\/ -->\n<title>SERVICIOS - Casa Torrecilla<\/title>\n<meta name=\"description\" content=\"Disponemos de un importante stock de productos en nuestros almacenes. As\u00ed como log\u00edstica para cubrir todo el territorio nacional. Una selecci\u00f3n de ofertas de primeras marcas, las cuales, durar\u00e1n hasta terminaci\u00f3n de stock.\" \/>\n<meta name=\"robots\" content=\"index, follow, max-snippet:-1, max-image-preview:large, max-video-preview:-1\" \/>\n<link rel=\"canonical\" href=\"https:\/\/www.casatorrecilla.com\/index.php\/acerca-de\/\" \/>\n<meta property=\"og:locale\" content=\"es_ES\" \/>\n<meta property=\"og:type\" content=\"article\" \/>\n<meta property=\"og:title\" content=\"SERVICIOS - Casa Torrecilla\" \/>\n<meta property=\"og:description\" content=\"Disponemos de un importante stock de productos en nuestros almacenes. As\u00ed como log\u00edstica para cubrir todo el territorio nacional. Una selecci\u00f3n de ofertas de primeras marcas, las cuales, durar\u00e1n hasta terminaci\u00f3n de stock.\" \/>\n<meta property=\"og:url\" content=\"https:\/\/www.casatorrecilla.com\/index.php\/acerca-de\/\" \/>\n<meta property=\"og:site_name\" content=\"Casa Torrecilla\" \/>\n<meta property=\"article:modified_time\" content=\"2024-03-22T13:33:16+00:00\" \/>\n<meta property=\"og:image\" content=\"https:\/\/www.casatorrecilla.com\/wp-content\/uploads\/2024\/03\/32torrecillas_MG_8549_1-scaled.jpg\" \/>\n\t<meta property=\"og:image:width\" content=\"2560\" \/>\n\t<meta property=\"og:image:height\" content=\"1707\" \/>\n\t<meta property=\"og:image:type\" content=\"image\/jpeg\" \/>\n<meta name=\"twitter:card\" content=\"summary_large_image\" \/>\n<meta name=\"twitter:label1\" content=\"Tiempo de lectura\" \/>\n\t<meta name=\"twitter:data1\" content=\"3 minutos\" \/>\n<script type=\"application\/ld+json\" class=\"yoast-schema-graph\">{\"@context\":\"https:\/\/schema.org\",\"@graph\":[{\"@type\":\"WebPage\",\"@id\":\"https:\/\/www.casatorrecilla.com\/index.php\/acerca-de\/\",\"url\":\"https:\/\/www.casatorrecilla.com\/index.php\/acerca-de\/\",\"name\":\"SERVICIOS - Casa Torrecilla\",\"isPartOf\":{\"@id\":\"https:\/\/www.casatorrecilla.com\/#website\"},\"primaryImageOfPage\":{\"@id\":\"https:\/\/www.casatorrecilla.com\/index.php\/acerca-de\/#primaryimage\"},\"image\":{\"@id\":\"https:\/\/www.casatorrecilla.com\/index.php\/acerca-de\/#primaryimage\"},\"thumbnailUrl\":\"https:\/\/www.casatorrecilla.com\/wp-content\/uploads\/2024\/03\/32torrecillas_MG_8549_1-scaled.jpg\",\"datePublished\":\"2024-03-22T10:16:05+00:00\",\"dateModified\":\"2024-03-22T13:33:16+00:00\",\"description\":\"Disponemos de un importante stock de productos en nuestros almacenes. As\u00ed como log\u00edstica para cubrir todo el territorio nacional. Una selecci\u00f3n de ofertas de primeras marcas, las cuales, durar\u00e1n hasta terminaci\u00f3n de stock.\",\"breadcrumb\":{\"@id\":\"https:\/\/www.casatorrecilla.com\/index.php\/acerca-de\/#breadcrumb\"},\"inLanguage\":\"es\",\"potentialAction\":[{\"@type\":\"ReadAction\",\"target\":[\"https:\/\/www.casatorrecilla.com\/index.php\/acerca-de\/\"]}]},{\"@type\":\"ImageObject\",\"inLanguage\":\"es\",\"@id\":\"https:\/\/www.casatorrecilla.com\/index.php\/acerca-de\/#primaryimage\",\"url\":\"https:\/\/www.casatorrecilla.com\/wp-content\/uploads\/2024\/03\/32torrecillas_MG_8549_1-scaled.jpg\",\"contentUrl\":\"https:\/\/www.casatorrecilla.com\/wp-content\/uploads\/2024\/03\/32torrecillas_MG_8549_1-scaled.jpg\",\"width\":2560,\"height\":1707},{\"@type\":\"BreadcrumbList\",\"@id\":\"https:\/\/www.casatorrecilla.com\/index.php\/acerca-de\/#breadcrumb\",\"itemListElement\":[{\"@type\":\"ListItem\",\"position\":1,\"name\":\"Portada\",\"item\":\"https:\/\/www.casatorrecilla.com\/\"},{\"@type\":\"ListItem\",\"position\":2,\"name\":\"SERVICIOS\"}]},{\"@type\":\"WebSite\",\"@id\":\"https:\/\/www.casatorrecilla.com\/#website\",\"url\":\"https:\/\/www.casatorrecilla.com\/\",\"name\":\"Casa Torrecilla\",\"description\":\"\",\"publisher\":{\"@id\":\"https:\/\/www.casatorrecilla.com\/#organization\"},\"potentialAction\":[{\"@type\":\"SearchAction\",\"target\":{\"@type\":\"EntryPoint\",\"urlTemplate\":\"https:\/\/www.casatorrecilla.com\/?s={search_term_string}\"},\"query-input\":{\"@type\":\"PropertyValueSpecification\",\"valueRequired\":true,\"valueName\":\"search_term_string\"}}],\"inLanguage\":\"es\"},{\"@type\":\"Organization\",\"@id\":\"https:\/\/www.casatorrecilla.com\/#organization\",\"name\":\"Casa Torrecilla\",\"url\":\"https:\/\/www.casatorrecilla.com\/\",\"logo\":{\"@type\":\"ImageObject\",\"inLanguage\":\"es\",\"@id\":\"https:\/\/www.casatorrecilla.com\/#\/schema\/logo\/image\/\",\"url\":\"https:\/\/www.casatorrecilla.com\/wp-content\/uploads\/2024\/03\/cropped-cropped-logo2.png\",\"contentUrl\":\"https:\/\/www.casatorrecilla.com\/wp-content\/uploads\/2024\/03\/cropped-cropped-logo2.png\",\"width\":389,\"height\":97,\"caption\":\"Casa Torrecilla\"},\"image\":{\"@id\":\"https:\/\/www.casatorrecilla.com\/#\/schema\/logo\/image\/\"}}]}<\/script>\n<!-- \/ Yoast SEO plugin. -->","yoast_head_json":{"title":"SERVICIOS - Casa Torrecilla","description":"Disponemos de un importante stock de productos en nuestros almacenes. As\u00ed como log\u00edstica para cubrir todo el territorio nacional. Una selecci\u00f3n de ofertas de primeras marcas, las cuales, durar\u00e1n hasta terminaci\u00f3n de stock.","robots":{"index":"index","follow":"follow","max-snippet":"max-snippet:-1","max-image-preview":"max-image-preview:large","max-video-preview":"max-video-preview:-1"},"canonical":"https:\/\/www.casatorrecilla.com\/index.php\/acerca-de\/","og_locale":"es_ES","og_type":"article","og_title":"SERVICIOS - Casa Torrecilla","og_description":"Disponemos de un importante stock de productos en nuestros almacenes. As\u00ed como log\u00edstica para cubrir todo el territorio nacional. Una selecci\u00f3n de ofertas de primeras marcas, las cuales, durar\u00e1n hasta terminaci\u00f3n de stock.","og_url":"https:\/\/www.casatorrecilla.com\/index.php\/acerca-de\/","og_site_name":"Casa Torrecilla","article_modified_time":"2024-03-22T13:33:16+00:00","og_image":[{"width":2560,"height":1707,"url":"https:\/\/www.casatorrecilla.com\/wp-content\/uploads\/2024\/03\/32torrecillas_MG_8549_1-scaled.jpg","type":"image\/jpeg"}],"twitter_card":"summary_large_image","twitter_misc":{"Tiempo de lectura":"3 minutos"},"schema":{"@context":"https:\/\/schema.org","@graph":[{"@type":"WebPage","@id":"https:\/\/www.casatorrecilla.com\/index.php\/acerca-de\/","url":"https:\/\/www.casatorrecilla.com\/index.php\/acerca-de\/","name":"SERVICIOS - Casa Torrecilla","isPartOf":{"@id":"https:\/\/www.casatorrecilla.com\/#website"},"primaryImageOfPage":{"@id":"https:\/\/www.casatorrecilla.com\/index.php\/acerca-de\/#primaryimage"},"image":{"@id":"https:\/\/www.casatorrecilla.com\/index.php\/acerca-de\/#primaryimage"},"thumbnailUrl":"https:\/\/www.casatorrecilla.com\/wp-content\/uploads\/2024\/03\/32torrecillas_MG_8549_1-scaled.jpg","datePublished":"2024-03-22T10:16:05+00:00","dateModified":"2024-03-22T13:33:16+00:00","description":"Disponemos de un importante stock de productos en nuestros almacenes. As\u00ed como log\u00edstica para cubrir todo el territorio nacional. Una selecci\u00f3n de ofertas de primeras marcas, las cuales, durar\u00e1n hasta terminaci\u00f3n de stock.","breadcrumb":{"@id":"https:\/\/www.casatorrecilla.com\/index.php\/acerca-de\/#breadcrumb"},"inLanguage":"es","potentialAction":[{"@type":"ReadAction","target":["https:\/\/www.casatorrecilla.com\/index.php\/acerca-de\/"]}]},{"@type":"ImageObject","inLanguage":"es","@id":"https:\/\/www.casatorrecilla.com\/index.php\/acerca-de\/#primaryimage","url":"https:\/\/www.casatorrecilla.com\/wp-content\/uploads\/2024\/03\/32torrecillas_MG_8549_1-scaled.jpg","contentUrl":"https:\/\/www.casatorrecilla.com\/wp-content\/uploads\/2024\/03\/32torrecillas_MG_8549_1-scaled.jpg","width":2560,"height":1707},{"@type":"BreadcrumbList","@id":"https:\/\/www.casatorrecilla.com\/index.php\/acerca-de\/#breadcrumb","itemListElement":[{"@type":"ListItem","position":1,"name":"Portada","item":"https:\/\/www.casatorrecilla.com\/"},{"@type":"ListItem","position":2,"name":"SERVICIOS"}]},{"@type":"WebSite","@id":"https:\/\/www.casatorrecilla.com\/#website","url":"https:\/\/www.casatorrecilla.com\/","name":"Casa Torrecilla","description":"","publisher":{"@id":"https:\/\/www.casatorrecilla.com\/#organization"},"potentialAction":[{"@type":"SearchAction","target":{"@type":"EntryPoint","urlTemplate":"https:\/\/www.casatorrecilla.com\/?s={search_term_string}"},"query-input":{"@type":"PropertyValueSpecification","valueRequired":true,"valueName":"search_term_string"}}],"inLanguage":"es"},{"@type":"Organization","@id":"https:\/\/www.casatorrecilla.com\/#organization","name":"Casa Torrecilla","url":"https:\/\/www.casatorrecilla.com\/","logo":{"@type":"ImageObject","inLanguage":"es","@id":"https:\/\/www.casatorrecilla.com\/#\/schema\/logo\/image\/","url":"https:\/\/www.casatorrecilla.com\/wp-content\/uploads\/2024\/03\/cropped-cropped-logo2.png","contentUrl":"https:\/\/www.casatorrecilla.com\/wp-content\/uploads\/2024\/03\/cropped-cropped-logo2.png","width":389,"height":97,"caption":"Casa Torrecilla"},"image":{"@id":"https:\/\/www.casatorrecilla.com\/#\/schema\/logo\/image\/"}}]}},"_links":{"self":[{"href":"https:\/\/www.casatorrecilla.com\/index.php\/wp-json\/wp\/v2\/pages\/11","targetHints":{"allow":["GET"]}}],"collection":[{"href":"https:\/\/www.casatorrecilla.com\/index.php\/wp-json\/wp\/v2\/pages"}],"about":[{"href":"https:\/\/www.casatorrecilla.com\/index.php\/wp-json\/wp\/v2\/types\/page"}],"author":[{"embeddable":true,"href":"https:\/\/www.casatorrecilla.com\/index.php\/wp-json\/wp\/v2\/users\/1"}],"replies":[{"embeddable":true,"href":"https:\/\/www.casatorrecilla.com\/index.php\/wp-json\/wp\/v2\/comments?post=11"}],"version-history":[{"count":7,"href":"https:\/\/www.casatorrecilla.com\/index.php\/wp-json\/wp\/v2\/pages\/11\/revisions"}],"predecessor-version":[{"id":86,"href":"https:\/\/www.casatorrecilla.com\/index.php\/wp-json\/wp\/v2\/pages\/11\/revisions\/86"}],"wp:featuredmedia":[{"embeddable":true,"href":"https:\/\/www.casatorrecilla.com\/index.php\/wp-json\/wp\/v2\/media\/64"}],"wp:attachment":[{"href":"https:\/\/www.casatorrecilla.com\/index.php\/wp-json\/wp\/v2\/media?parent=11"}],"curies":[{"name":"wp","href":"https:\/\/api.w.org\/{rel}","templated":true}]}}