{"id":90,"date":"2024-03-22T13:25:32","date_gmt":"2024-03-22T13:25:32","guid":{"rendered":"https:\/\/www.casatorrecilla.com\/?page_id=90"},"modified":"2024-03-22T13:37:39","modified_gmt":"2024-03-22T13:37:39","slug":"empresa","status":"publish","type":"page","link":"https:\/\/www.casatorrecilla.com\/","title":{"rendered":"EMPRESA"},"content":{"rendered":"\n<div class=\"wp-block-columns is-layout-flex wp-container-core-columns-is-layout-28f84493 wp-block-columns-is-layout-flex\">\n<div class=\"wp-block-column is-layout-flow wp-block-column-is-layout-flow\">\n<p><strong>Casa Torrecilla \u00ae Desde 1882<\/strong><\/p>\n\n\n\n<p>Somos una casa din\u00e1mica con el objetivo de mantener un nivel \u00f3ptimo, capaz de obtener la confianza de sus clientes, y as\u00ed poder brindar el mejor servicio, d\u00eda a d\u00eda.<\/p>\n\n\n\n<p>Nuestro personal altamente cualificado est\u00e1 a su disposici\u00f3n, para intentar solventar todas sus dudas.<\/p>\n\n\n\n<p>Disponemos de un importante sotck de productos en nuestros  almacenes. As\u00ed como log\u00edstica para cubrir todo el territorio nacional.<\/p>\n\n\n\n<p>Tenemos una selecci\u00f3n de ofertas de productos de primeras marcas, las cuales, durar\u00e1n hasta terminaci\u00f3n de stock.<\/p>\n\n\n\n<p>De no encontrarse en nuestro almac\u00e9n aquel material, aparato o maquinaria de su necesidad, gestionaremos su pedido, recepci\u00f3n y abastecimiento a la mayor brevedad posible.<\/p>\n\n\n\n<p>Contacta con nosotros para consultar existencias, viabilidad y aclarar cualquier consulta o duda relacionada con nuestros servicios o productos. <\/p>\n\n\n\n<p><strong><a href=\"mailto:info@casatorrecilla.com\" target=\"_blank\" rel=\"noreferrer noopener\">info@casatorrecilla.com<\/a><\/strong><\/p>\n<\/div>\n\n\n\n<div class=\"wp-block-column is-layout-flow wp-block-column-is-layout-flow\">\n<figure class=\"wp-block-image size-large\"><img fetchpriority=\"high\" decoding=\"async\" width=\"683\" height=\"1024\" src=\"https:\/\/www.casatorrecilla.com\/wp-content\/uploads\/2024\/03\/empresa-683x1024.jpg\" alt=\"\" class=\"wp-image-43\" srcset=\"https:\/\/www.casatorrecilla.com\/wp-content\/uploads\/2024\/03\/empresa-683x1024.jpg 683w, https:\/\/www.casatorrecilla.com\/wp-content\/uploads\/2024\/03\/empresa-200x300.jpg 200w, https:\/\/www.casatorrecilla.com\/wp-content\/uploads\/2024\/03\/empresa.jpg 1000w\" sizes=\"(max-width: 683px) 100vw, 683px\" \/><\/figure>\n<\/div>\n<\/div>\n\n\n\n<p><\/p>\n","protected":false},"excerpt":{"rendered":"<p>Casa Torrecilla \u00ae Desde 1882 Somos una casa din\u00e1mica con el objetivo de mantener un nivel \u00f3ptimo, capaz de obtener la confianza de sus clientes, y as\u00ed poder brindar el mejor servicio, d\u00eda a d\u00eda. Nuestro personal altamente cualificado est\u00e1 a su disposici\u00f3n, para intentar solventar todas sus dudas. Disponemos de un importante sotck de &hellip; <\/p>\n<p class=\"link-more\"><a href=\"https:\/\/www.casatorrecilla.com\/\" class=\"more-link\">Leer m\u00e1s<span class=\"screen-reader-text\"> \u00abEMPRESA\u00bb<\/span><\/a><\/p>\n","protected":false},"author":1,"featured_media":64,"parent":0,"menu_order":0,"comment_status":"closed","ping_status":"closed","template":"","meta":{"_eb_attr":"","inspiro_hide_title":false,"footnotes":""},"class_list":["post-90","page","type-page","status-publish","has-post-thumbnail","hentry"],"yoast_head":"<!-- This site is optimized with the Yoast SEO plugin v27.1.1 - https:\/\/yoast.com\/product\/yoast-seo-wordpress\/ -->\n<title>EMPRESA - Casa Torrecilla<\/title>\n<meta name=\"description\" content=\"Somos una casa din\u00e1mica con el objetivo de mantener un nivel \u00f3ptimo, capaz de obtener la confianza de sus clientes, y as\u00ed poder brindar el mejor servicio, d\u00eda a d\u00eda.\" \/>\n<meta name=\"robots\" content=\"index, follow, max-snippet:-1, max-image-preview:large, max-video-preview:-1\" \/>\n<link rel=\"canonical\" href=\"https:\/\/www.casatorrecilla.com\/\" \/>\n<meta property=\"og:locale\" content=\"es_ES\" \/>\n<meta property=\"og:type\" content=\"article\" \/>\n<meta property=\"og:title\" content=\"EMPRESA - Casa Torrecilla\" \/>\n<meta property=\"og:description\" content=\"Somos una casa din\u00e1mica con el objetivo de mantener un nivel \u00f3ptimo, capaz de obtener la confianza de sus clientes, y as\u00ed poder brindar el mejor servicio, d\u00eda a d\u00eda.\" \/>\n<meta property=\"og:url\" content=\"https:\/\/www.casatorrecilla.com\/\" \/>\n<meta property=\"og:site_name\" content=\"Casa Torrecilla\" \/>\n<meta property=\"article:modified_time\" content=\"2024-03-22T13:37:39+00:00\" \/>\n<meta property=\"og:image\" content=\"https:\/\/www.casatorrecilla.com\/wp-content\/uploads\/2024\/03\/32torrecillas_MG_8549_1-scaled.jpg\" \/>\n\t<meta property=\"og:image:width\" content=\"2560\" \/>\n\t<meta property=\"og:image:height\" content=\"1707\" \/>\n\t<meta property=\"og:image:type\" content=\"image\/jpeg\" \/>\n<meta name=\"twitter:card\" content=\"summary_large_image\" \/>\n<meta name=\"twitter:label1\" content=\"Tiempo de lectura\" \/>\n\t<meta name=\"twitter:data1\" content=\"1 minuto\" \/>\n<script type=\"application\/ld+json\" class=\"yoast-schema-graph\">{\"@context\":\"https:\/\/schema.org\",\"@graph\":[{\"@type\":\"WebPage\",\"@id\":\"https:\/\/www.casatorrecilla.com\/\",\"url\":\"https:\/\/www.casatorrecilla.com\/\",\"name\":\"EMPRESA - Casa Torrecilla\",\"isPartOf\":{\"@id\":\"https:\/\/www.casatorrecilla.com\/#website\"},\"primaryImageOfPage\":{\"@id\":\"https:\/\/www.casatorrecilla.com\/#primaryimage\"},\"image\":{\"@id\":\"https:\/\/www.casatorrecilla.com\/#primaryimage\"},\"thumbnailUrl\":\"https:\/\/www.casatorrecilla.com\/wp-content\/uploads\/2024\/03\/32torrecillas_MG_8549_1-scaled.jpg\",\"datePublished\":\"2024-03-22T13:25:32+00:00\",\"dateModified\":\"2024-03-22T13:37:39+00:00\",\"description\":\"Somos una casa din\u00e1mica con el objetivo de mantener un nivel \u00f3ptimo, capaz de obtener la confianza de sus clientes, y as\u00ed poder brindar el mejor servicio, d\u00eda a d\u00eda.\",\"breadcrumb\":{\"@id\":\"https:\/\/www.casatorrecilla.com\/#breadcrumb\"},\"inLanguage\":\"es\",\"potentialAction\":[{\"@type\":\"ReadAction\",\"target\":[\"https:\/\/www.casatorrecilla.com\/\"]}]},{\"@type\":\"ImageObject\",\"inLanguage\":\"es\",\"@id\":\"https:\/\/www.casatorrecilla.com\/#primaryimage\",\"url\":\"https:\/\/www.casatorrecilla.com\/wp-content\/uploads\/2024\/03\/32torrecillas_MG_8549_1-scaled.jpg\",\"contentUrl\":\"https:\/\/www.casatorrecilla.com\/wp-content\/uploads\/2024\/03\/32torrecillas_MG_8549_1-scaled.jpg\",\"width\":2560,\"height\":1707},{\"@type\":\"BreadcrumbList\",\"@id\":\"https:\/\/www.casatorrecilla.com\/#breadcrumb\",\"itemListElement\":[{\"@type\":\"ListItem\",\"position\":1,\"name\":\"Portada\",\"item\":\"https:\/\/www.casatorrecilla.com\/\"},{\"@type\":\"ListItem\",\"position\":2,\"name\":\"EMPRESA\"}]},{\"@type\":\"WebSite\",\"@id\":\"https:\/\/www.casatorrecilla.com\/#website\",\"url\":\"https:\/\/www.casatorrecilla.com\/\",\"name\":\"Casa Torrecilla\",\"description\":\"\",\"publisher\":{\"@id\":\"https:\/\/www.casatorrecilla.com\/#organization\"},\"potentialAction\":[{\"@type\":\"SearchAction\",\"target\":{\"@type\":\"EntryPoint\",\"urlTemplate\":\"https:\/\/www.casatorrecilla.com\/?s={search_term_string}\"},\"query-input\":{\"@type\":\"PropertyValueSpecification\",\"valueRequired\":true,\"valueName\":\"search_term_string\"}}],\"inLanguage\":\"es\"},{\"@type\":\"Organization\",\"@id\":\"https:\/\/www.casatorrecilla.com\/#organization\",\"name\":\"Casa Torrecilla\",\"url\":\"https:\/\/www.casatorrecilla.com\/\",\"logo\":{\"@type\":\"ImageObject\",\"inLanguage\":\"es\",\"@id\":\"https:\/\/www.casatorrecilla.com\/#\/schema\/logo\/image\/\",\"url\":\"https:\/\/www.casatorrecilla.com\/wp-content\/uploads\/2024\/03\/cropped-cropped-logo2.png\",\"contentUrl\":\"https:\/\/www.casatorrecilla.com\/wp-content\/uploads\/2024\/03\/cropped-cropped-logo2.png\",\"width\":389,\"height\":97,\"caption\":\"Casa Torrecilla\"},\"image\":{\"@id\":\"https:\/\/www.casatorrecilla.com\/#\/schema\/logo\/image\/\"}}]}<\/script>\n<!-- \/ Yoast SEO plugin. -->","yoast_head_json":{"title":"EMPRESA - Casa Torrecilla","description":"Somos una casa din\u00e1mica con el objetivo de mantener un nivel \u00f3ptimo, capaz de obtener la confianza de sus clientes, y as\u00ed poder brindar el mejor servicio, d\u00eda a d\u00eda.","robots":{"index":"index","follow":"follow","max-snippet":"max-snippet:-1","max-image-preview":"max-image-preview:large","max-video-preview":"max-video-preview:-1"},"canonical":"https:\/\/www.casatorrecilla.com\/","og_locale":"es_ES","og_type":"article","og_title":"EMPRESA - Casa Torrecilla","og_description":"Somos una casa din\u00e1mica con el objetivo de mantener un nivel \u00f3ptimo, capaz de obtener la confianza de sus clientes, y as\u00ed poder brindar el mejor servicio, d\u00eda a d\u00eda.","og_url":"https:\/\/www.casatorrecilla.com\/","og_site_name":"Casa Torrecilla","article_modified_time":"2024-03-22T13:37:39+00:00","og_image":[{"width":2560,"height":1707,"url":"https:\/\/www.casatorrecilla.com\/wp-content\/uploads\/2024\/03\/32torrecillas_MG_8549_1-scaled.jpg","type":"image\/jpeg"}],"twitter_card":"summary_large_image","twitter_misc":{"Tiempo de lectura":"1 minuto"},"schema":{"@context":"https:\/\/schema.org","@graph":[{"@type":"WebPage","@id":"https:\/\/www.casatorrecilla.com\/","url":"https:\/\/www.casatorrecilla.com\/","name":"EMPRESA - Casa Torrecilla","isPartOf":{"@id":"https:\/\/www.casatorrecilla.com\/#website"},"primaryImageOfPage":{"@id":"https:\/\/www.casatorrecilla.com\/#primaryimage"},"image":{"@id":"https:\/\/www.casatorrecilla.com\/#primaryimage"},"thumbnailUrl":"https:\/\/www.casatorrecilla.com\/wp-content\/uploads\/2024\/03\/32torrecillas_MG_8549_1-scaled.jpg","datePublished":"2024-03-22T13:25:32+00:00","dateModified":"2024-03-22T13:37:39+00:00","description":"Somos una casa din\u00e1mica con el objetivo de mantener un nivel \u00f3ptimo, capaz de obtener la confianza de sus clientes, y as\u00ed poder brindar el mejor servicio, d\u00eda a d\u00eda.","breadcrumb":{"@id":"https:\/\/www.casatorrecilla.com\/#breadcrumb"},"inLanguage":"es","potentialAction":[{"@type":"ReadAction","target":["https:\/\/www.casatorrecilla.com\/"]}]},{"@type":"ImageObject","inLanguage":"es","@id":"https:\/\/www.casatorrecilla.com\/#primaryimage","url":"https:\/\/www.casatorrecilla.com\/wp-content\/uploads\/2024\/03\/32torrecillas_MG_8549_1-scaled.jpg","contentUrl":"https:\/\/www.casatorrecilla.com\/wp-content\/uploads\/2024\/03\/32torrecillas_MG_8549_1-scaled.jpg","width":2560,"height":1707},{"@type":"BreadcrumbList","@id":"https:\/\/www.casatorrecilla.com\/#breadcrumb","itemListElement":[{"@type":"ListItem","position":1,"name":"Portada","item":"https:\/\/www.casatorrecilla.com\/"},{"@type":"ListItem","position":2,"name":"EMPRESA"}]},{"@type":"WebSite","@id":"https:\/\/www.casatorrecilla.com\/#website","url":"https:\/\/www.casatorrecilla.com\/","name":"Casa Torrecilla","description":"","publisher":{"@id":"https:\/\/www.casatorrecilla.com\/#organization"},"potentialAction":[{"@type":"SearchAction","target":{"@type":"EntryPoint","urlTemplate":"https:\/\/www.casatorrecilla.com\/?s={search_term_string}"},"query-input":{"@type":"PropertyValueSpecification","valueRequired":true,"valueName":"search_term_string"}}],"inLanguage":"es"},{"@type":"Organization","@id":"https:\/\/www.casatorrecilla.com\/#organization","name":"Casa Torrecilla","url":"https:\/\/www.casatorrecilla.com\/","logo":{"@type":"ImageObject","inLanguage":"es","@id":"https:\/\/www.casatorrecilla.com\/#\/schema\/logo\/image\/","url":"https:\/\/www.casatorrecilla.com\/wp-content\/uploads\/2024\/03\/cropped-cropped-logo2.png","contentUrl":"https:\/\/www.casatorrecilla.com\/wp-content\/uploads\/2024\/03\/cropped-cropped-logo2.png","width":389,"height":97,"caption":"Casa Torrecilla"},"image":{"@id":"https:\/\/www.casatorrecilla.com\/#\/schema\/logo\/image\/"}}]}},"_links":{"self":[{"href":"https:\/\/www.casatorrecilla.com\/index.php\/wp-json\/wp\/v2\/pages\/90","targetHints":{"allow":["GET"]}}],"collection":[{"href":"https:\/\/www.casatorrecilla.com\/index.php\/wp-json\/wp\/v2\/pages"}],"about":[{"href":"https:\/\/www.casatorrecilla.com\/index.php\/wp-json\/wp\/v2\/types\/page"}],"author":[{"embeddable":true,"href":"https:\/\/www.casatorrecilla.com\/index.php\/wp-json\/wp\/v2\/users\/1"}],"replies":[{"embeddable":true,"href":"https:\/\/www.casatorrecilla.com\/index.php\/wp-json\/wp\/v2\/comments?post=90"}],"version-history":[{"count":3,"href":"https:\/\/www.casatorrecilla.com\/index.php\/wp-json\/wp\/v2\/pages\/90\/revisions"}],"predecessor-version":[{"id":95,"href":"https:\/\/www.casatorrecilla.com\/index.php\/wp-json\/wp\/v2\/pages\/90\/revisions\/95"}],"wp:featuredmedia":[{"embeddable":true,"href":"https:\/\/www.casatorrecilla.com\/index.php\/wp-json\/wp\/v2\/media\/64"}],"wp:attachment":[{"href":"https:\/\/www.casatorrecilla.com\/index.php\/wp-json\/wp\/v2\/media?parent=90"}],"curies":[{"name":"wp","href":"https:\/\/api.w.org\/{rel}","templated":true}]}}